{"id":46,"date":"2025-10-02T17:03:14","date_gmt":"2025-10-02T15:03:14","guid":{"rendered":"https:\/\/northmandie-audits.com\/?page_id=46"},"modified":"2025-11-19T12:07:26","modified_gmt":"2025-11-19T10:07:26","slug":"a-propos-2","status":"publish","type":"page","link":"https:\/\/northmandie-audits.com\/index.php\/a-propos-2\/","title":{"rendered":"A PROPOS"},"content":{"rendered":"\n<div class=\"wp-block-group alignfull is-layout-flow wp-block-group-is-layout-flow\">\n<div class=\"wp-block-group alignfull has-global-padding is-layout-constrained wp-container-core-group-is-layout-7dc229c6 wp-block-group-is-layout-constrained\" style=\"padding-top:var(--wp--preset--spacing--superbspacing-xxlarge);padding-right:var(--wp--preset--spacing--superbspacing-small);padding-bottom:var(--wp--preset--spacing--superbspacing-xxlarge);padding-left:var(--wp--preset--spacing--superbspacing-small)\">\n<div class=\"wp-block-columns alignwide is-layout-flex wp-container-core-columns-is-layout-a001aa69 wp-block-columns-is-layout-flex\" style=\"margin-top:0;margin-bottom:0\">\n<div class=\"wp-block-column is-vertically-aligned-center is-layout-flow wp-container-core-column-is-layout-db2cb278 wp-block-column-is-layout-flow\">\n<h2 class=\"wp-block-heading has-text-align-left has-primary-color has-text-color has-superbfont-xxsmall-font-size\" style=\"border-style:none;border-width:0px;font-style:normal;font-weight:700;letter-spacing:5px;text-transform:uppercase\">Apr\u00e8s plusieurs ann\u00e9es de services pour divers cabinets d\u2019audit, Damien, Olivier et Arnaud \u2013 sp\u00e9cialis\u00e9s dans l\u2019audit de certification MASE \u2013 ont imagin\u00e9s leur propre cabinet d\u2019audit, fruit de leur collaboration.<\/h2>\n\n\n\n<h1 class=\"wp-block-heading has-text-align-left has-superbfont-large-font-size\">Bienvenue en Northmandie<\/h1>\n\n\n\n<p class=\"has-text-align-left has-mono-1-color has-text-color has-superbfont-medium-font-size\" style=\"line-height:1.6\">N\u00e9 dans le nord et venu en Normandie (ou l\u2019inverse), \u00ab\u00a0Northmandie\u00a0\u00bb est un clin d\u2019oeil de nos origines respectives. Le cabinet Northmandie a \u00e9t\u00e9 cr\u00e9\u00e9 en 2024 par 3 cog\u00e9rants disposant d&rsquo;une exp\u00e9rience significative dans la r\u00e9alisation d\u2019audits MASE et d\u2019accompagnement des entreprises.<\/p>\n\n\n\n<p><\/p>\n<\/div>\n<\/div>\n\n\n\n<figure class=\"wp-block-image size-large is-resized\"><img loading=\"lazy\" decoding=\"async\" width=\"1024\" height=\"657\" src=\"http:\/\/northmandie-audits.com\/wp-content\/uploads\/2025\/10\/1000003571-1024x657.jpg\" alt=\"\" class=\"wp-image-18\" style=\"width:1077px;height:auto\" srcset=\"https:\/\/northmandie-audits.com\/wp-content\/uploads\/2025\/10\/1000003571-1024x657.jpg 1024w, https:\/\/northmandie-audits.com\/wp-content\/uploads\/2025\/10\/1000003571-300x192.jpg 300w, https:\/\/northmandie-audits.com\/wp-content\/uploads\/2025\/10\/1000003571-768x493.jpg 768w, https:\/\/northmandie-audits.com\/wp-content\/uploads\/2025\/10\/1000003571-1536x986.jpg 1536w, https:\/\/northmandie-audits.com\/wp-content\/uploads\/2025\/10\/1000003571-2048x1314.jpg 2048w\" sizes=\"auto, (max-width: 1024px) 100vw, 1024px\" \/><\/figure>\n\n\n\n<p class=\"has-mono-2-color has-text-color has-link-color wp-elements-9ec201ae174aaf57dafa5a4ca44db38d\"><em>De gauche \u00e0 droite : Olivier Prost, Damien Ducornet &amp; Arnaud Gandon<\/em><\/p>\n\n\n\n<p style=\"margin-top:var(--wp--preset--spacing--superbspacing-xsmall);margin-bottom:var(--wp--preset--spacing--superbspacing-xsmall)\"><\/p>\n\n\n\n<p class=\"has-mono-1-color has-text-color has-link-color wp-elements-82624a9c2c1c1dba3b2ced94f7d690e4\" style=\"line-height:1.6\">Nous nous connaissons maintenant depuis plusieurs ann\u00e9es et nous avons eu l\u2019occasion de nous rendre compte de valeurs communes et sur une vision similaire des audits et de la pr\u00e9vention des risques. Nous avions l\u2019occasion d\u2019\u00e9changer sur des dossiers et des audits, et avons tr\u00e8s souvent constat\u00e9 notre accord sur la r\u00e9alisation des audits et dynamique d\u2019am\u00e9lioration li\u00e9e. <\/p>\n\n\n\n<div style=\"height:10px\" aria-hidden=\"true\" class=\"wp-block-spacer\"><\/div>\n\n\n\n<p class=\"has-mono-1-color has-text-color has-link-color wp-elements-4c2cb29f41b062d0356a6e9e78cda417\" style=\"line-height:1.6\">C\u2019est donc tout naturellement que nous avons souhait\u00e9 monter notre propre cabinet d&rsquo;audits avec notre fa\u00e7on de faire et le d\u00e9ploiement de nos valeurs humaines et organisationnelles. Le nom de Northmandie est aussi venu naturellement en lien avec nos origines et lieux de vie.<\/p>\n\n\n\n<div style=\"height:49px\" aria-hidden=\"true\" class=\"wp-block-spacer\"><\/div>\n\n\n\n<p class=\"has-primary-color has-text-color has-link-color wp-elements-0b37769f66cd19f71d03e9758196846a\">C\u2019est dans cette dynamique et avec nos valeurs de \u00ab&nbsp;Pragmatisme \u2013 Diplomatie \u2013 Confiance&nbsp;\u00bb que nous souhaitons poursuivre et d\u00e9velopper le cabinet. Nous sommes sur une vision humaine de l\u2019audit et nous souhaitons la partager.<\/p>\n\n\n\n<p><\/p>\n\n\n\n<div class=\"wp-block-group alignfull has-primary-background-color has-text-color has-background is-layout-flow wp-block-group-is-layout-flow\" style=\"color:#ffffff;margin-top:var(--wp--preset--spacing--superbspacing-medium);margin-bottom:var(--wp--preset--spacing--superbspacing-medium);padding-top:21px;padding-right:100px;padding-bottom:21px;padding-left:100px\">\n<h2 class=\"wp-block-heading has-base-color has-text-color has-link-color wp-elements-a3736cd50657c79dcacebb91095acb5f\">Les auditeurs<\/h2>\n<\/div>\n\n\n\n<div class=\"wp-block-group alignfull has-background has-global-padding is-layout-constrained wp-container-core-group-is-layout-286f01c1 wp-block-group-is-layout-constrained\" style=\"background:linear-gradient(90deg,rgb(244,244,244) 0%,rgb(244,244,244) 35%,rgb(255,255,255) 35%,rgb(255,255,255) 100%);margin-top:0;margin-bottom:0;padding-top:0;padding-right:var(--wp--preset--spacing--superbspacing-small);padding-bottom:0;padding-left:var(--wp--preset--spacing--superbspacing-small)\">\n<div class=\"wp-block-columns are-vertically-aligned-center is-layout-flex wp-container-core-columns-is-layout-723d619e wp-block-columns-is-layout-flex\">\n<div class=\"wp-block-column is-vertically-aligned-center is-layout-flow wp-block-column-is-layout-flow\">\n<figure class=\"wp-block-image size-large is-resized\"><img loading=\"lazy\" decoding=\"async\" width=\"1080\" height=\"1350\" src=\"https:\/\/northmandie-audits.com\/wp-content\/uploads\/2025\/11\/4-819x1024.png\" alt=\"\" class=\"wp-image-125\" style=\"width:378px;height:auto\" srcset=\"https:\/\/northmandie-audits.com\/wp-content\/uploads\/2025\/11\/4-819x1024.png 819w, https:\/\/northmandie-audits.com\/wp-content\/uploads\/2025\/11\/4-240x300.png 240w, https:\/\/northmandie-audits.com\/wp-content\/uploads\/2025\/11\/4-768x960.png 768w, https:\/\/northmandie-audits.com\/wp-content\/uploads\/2025\/11\/4.png 1080w\" sizes=\"auto, (max-width: 1080px) 100vw, 1080px\" \/><\/figure>\n<\/div>\n\n\n\n<div class=\"wp-block-column is-vertically-aligned-center is-layout-flow wp-block-column-is-layout-flow\">\n<h4 class=\"wp-block-heading\" style=\"font-size:clamp(24.034px, 1.502rem + ((1vw - 3.2px) * 1.814), 40px);\">Olivier Prost<\/h4>\n\n\n\n<p class=\"has-mono-2-color has-text-color has-link-color has-superbfont-xsmall-font-size wp-elements-8f5289e9323f5ece43a10cf82c805162\">De formation responsable QSE, Olivier a une exp\u00e9rience industrielle sur des postes HSE\/QSE dans diff\u00e9rents grands groupes industriels (Bonduelle, General Electrics) et a su depuis 2008 mettre en \u0153uvre ses comp\u00e9tences sur des missions d\u2019audit, conseil et formation tant au sein de groupe que de TPE\/PME. <\/p>\n\n\n\n<p class=\"has-mono-2-color has-text-color has-link-color has-superbfont-xsmall-font-size wp-elements-83c3cbe51d3a70a8b9c907538fdda62b\">Auditeur agr\u00e9\u00e9 MASE depuis 2014, il a r\u00e9alis\u00e9 de nombreuses missions d\u2019audits (blancs \/ certification) et d\u2019accompagnement, et aime apporter son exp\u00e9rience dans la pr\u00e9vention pour faire grandir les entreprises.<\/p>\n<\/div>\n<\/div>\n\n\n\n<div class=\"wp-block-group alignfull has-background has-global-padding is-layout-constrained wp-container-core-group-is-layout-3c2a36e6 wp-block-group-is-layout-constrained\" style=\"background:linear-gradient(90deg,rgb(244,244,244) 0%,rgb(244,244,244) 35%,rgb(255,255,255) 35%,rgb(255,255,255) 100%);margin-top:0;margin-bottom:0;padding-top:var(--wp--preset--spacing--superbspacing-xlarge);padding-right:var(--wp--preset--spacing--superbspacing-small);padding-bottom:var(--wp--preset--spacing--superbspacing-xlarge);padding-left:var(--wp--preset--spacing--superbspacing-small)\">\n<div class=\"wp-block-columns are-vertically-aligned-center is-layout-flex wp-container-core-columns-is-layout-723d619e wp-block-columns-is-layout-flex\">\n<div class=\"wp-block-column is-vertically-aligned-center is-layout-flow wp-block-column-is-layout-flow\">\n<figure class=\"wp-block-image size-large is-resized\"><img loading=\"lazy\" decoding=\"async\" width=\"819\" height=\"1024\" src=\"https:\/\/northmandie-audits.com\/wp-content\/uploads\/2025\/11\/6-819x1024.png\" alt=\"\" class=\"wp-image-126\" style=\"width:381px;height:auto\" srcset=\"https:\/\/northmandie-audits.com\/wp-content\/uploads\/2025\/11\/6-819x1024.png 819w, https:\/\/northmandie-audits.com\/wp-content\/uploads\/2025\/11\/6-240x300.png 240w, https:\/\/northmandie-audits.com\/wp-content\/uploads\/2025\/11\/6-768x960.png 768w, https:\/\/northmandie-audits.com\/wp-content\/uploads\/2025\/11\/6.png 1080w\" sizes=\"auto, (max-width: 819px) 100vw, 819px\" \/><\/figure>\n<\/div>\n\n\n\n<div class=\"wp-block-column is-vertically-aligned-center is-layout-flow wp-block-column-is-layout-flow\">\n<h4 class=\"wp-block-heading\" style=\"font-size:clamp(24.034px, 1.502rem + ((1vw - 3.2px) * 1.814), 40px);\">Damien Ducornet<\/h4>\n\n\n\n<p class=\"has-mono-2-color has-text-color has-link-color has-superbfont-xsmall-font-size wp-elements-4a1699f8471d4665f35242938ae0d598\">Fort d\u2019une exp\u00e9rience de plus de 20 ans, Damien \u00e9volue dans le domaine de la pr\u00e9vention des risques \u00e0 travers diff\u00e9rents secteurs d\u2019activit\u00e9s tels que l\u2019industrie et le BTP (15 ans d\u2019exp\u00e9rience)<\/p>\n\n\n\n<p class=\"has-mono-2-color has-text-color has-link-color wp-elements-7d42866afbb68002848fdf34a9793f67\">Depuis plusieurs ann\u00e9es, j\u2019axe mon approche en entreprise sur le d\u00e9veloppement de la culture S\u00e9curit\u00e9 et plus sp\u00e9cifiquement sur l\u2019influence des facteurs humains et organisationnels, en associant le monde de la pr\u00e9vention \u00e0 celui du coaching. Cette m\u00e9thode de travail permet d\u2019am\u00e9liorer durablement les performances S\u00e9curit\u00e9 de l\u2019entreprise car aujourd\u2019hui 96 % des accidents du travail sont li\u00e9s au comportement.<\/p>\n<\/div>\n<\/div>\n\n\n\n<div class=\"wp-block-group alignfull has-background has-global-padding is-layout-constrained wp-container-core-group-is-layout-3c2a36e6 wp-block-group-is-layout-constrained\" style=\"background:linear-gradient(90deg,rgb(244,244,244) 0%,rgb(244,244,244) 35%,rgb(255,255,255) 35%,rgb(255,255,255) 100%);margin-top:0;margin-bottom:0;padding-top:var(--wp--preset--spacing--superbspacing-xlarge);padding-right:var(--wp--preset--spacing--superbspacing-small);padding-bottom:var(--wp--preset--spacing--superbspacing-xlarge);padding-left:var(--wp--preset--spacing--superbspacing-small)\">\n<div class=\"wp-block-columns are-vertically-aligned-center is-layout-flex wp-container-core-columns-is-layout-723d619e wp-block-columns-is-layout-flex\">\n<div class=\"wp-block-column is-vertically-aligned-center is-layout-flow wp-block-column-is-layout-flow\">\n<figure class=\"wp-block-image size-large is-resized\"><img loading=\"lazy\" decoding=\"async\" width=\"819\" height=\"1024\" src=\"https:\/\/northmandie-audits.com\/wp-content\/uploads\/2025\/11\/5-819x1024.png\" alt=\"\" class=\"wp-image-127\" style=\"width:381px;height:auto\" srcset=\"https:\/\/northmandie-audits.com\/wp-content\/uploads\/2025\/11\/5-819x1024.png 819w, https:\/\/northmandie-audits.com\/wp-content\/uploads\/2025\/11\/5-240x300.png 240w, https:\/\/northmandie-audits.com\/wp-content\/uploads\/2025\/11\/5-768x960.png 768w, https:\/\/northmandie-audits.com\/wp-content\/uploads\/2025\/11\/5.png 1080w\" sizes=\"auto, (max-width: 819px) 100vw, 819px\" \/><\/figure>\n<\/div>\n\n\n\n<div class=\"wp-block-column is-vertically-aligned-center is-layout-flow wp-block-column-is-layout-flow\">\n<h2 class=\"wp-block-heading\" style=\"font-size:clamp(24.034px, 1.502rem + ((1vw - 3.2px) * 1.814), 40px);\">Arnaud Gandon<\/h2>\n\n\n\n<p class=\"has-mono-2-color has-text-color has-link-color has-superbfont-xsmall-font-size wp-elements-1d186be7d90556b9dc3601e826af9030\">Depuis plus de 21 ans, Arnaud accompagne les entreprises dans un domaine qui le passionne : la pr\u00e9vention des risques et la performance QSSE.<\/p>\n\n\n\n<p class=\"has-mono-2-color has-text-color has-link-color has-superbfont-xsmall-font-size wp-elements-addd47ec9aabf3fbdc4d750c212ff3f9\">Ce qui l\u2019anime ? Construire une v\u00e9ritable culture SSE o\u00f9 s\u00e9curit\u00e9, leadership et efficacit\u00e9 vont de pair.<br>Auditeur MASE depuis pr\u00e8s de 10 ans, il mets mon expertise au service de l\u2019am\u00e9lioration continue et du d\u00e9veloppement organisationnel.<br>Dynamique et cr\u00e9atif, il croit que chaque projet est une opportunit\u00e9 d\u2019innover et de faire progresser les \u00e9quipes vers l\u2019excellence.<\/p>\n<\/div>\n<\/div>\n<\/div>\n\n\n\n<p class=\"has-primary-color has-text-color has-link-color wp-elements-90f2983c4b6aef4bda46b884f71a6ec5\" style=\"margin-top:0;margin-bottom:0\">Nous totalisons environ 500 audits de certifications, 300 audits blancs et 40 entreprises en accompagnement MASE.<\/p>\n<\/div>\n<\/div>\n\n\n\n<div class=\"wp-block-group alignfull has-primary-background-color has-text-color has-background is-layout-flow wp-block-group-is-layout-flow\" style=\"color:#ffffff;margin-top:var(--wp--preset--spacing--superbspacing-medium);margin-bottom:var(--wp--preset--spacing--superbspacing-medium);padding-top:21px;padding-right:100px;padding-bottom:21px;padding-left:100px\">\n<h2 class=\"wp-block-heading has-base-color has-text-color has-link-color wp-elements-b9eb781da28d9c49ec79ccfeefa92dbf\">Nos prestations<\/h2>\n<\/div>\n\n\n\n<p><\/p>\n\n\n\n<div class=\"wp-block-columns is-layout-flex wp-container-core-columns-is-layout-28f84493 wp-block-columns-is-layout-flex\">\n<div class=\"wp-block-column is-layout-flow wp-block-column-is-layout-flow\">\n<p>Northmandie peut vous accompagner dans le d\u00e9ploiement de vos certifications MASE, ISO 9001, 14001 et 45001, ainsi que&nbsp; dans le d\u00e9veloppement des comp\u00e9tences de vos collaborateurs.&nbsp;&nbsp;<\/p>\n\n\n\n<p>Nous sommes \u00e9galement en mesure de coacher vos collaborateurs sur l\u2019utilisation des outils SSE, par un coach certifi\u00e9, dans le but de d\u00e9velopper le leadership SSE de vos encadrants.&nbsp;<\/p>\n\n\n\n<p>Pour les entreprises disposant d\u2019un syst\u00e8me mature, nous sommes en mesures de vous accompagner par la mise en \u0153uvre d\u2019un diagnostic de la maturit\u00e9 de votre culture SSE.&nbsp;<\/p>\n\n\n\n<p><\/p>\n<\/div>\n\n\n\n<div class=\"wp-block-column is-layout-flow wp-block-column-is-layout-flow\">\n<figure class=\"wp-block-image size-large is-resized\"><img loading=\"lazy\" decoding=\"async\" width=\"1024\" height=\"1014\" src=\"http:\/\/northmandie-audits.com\/wp-content\/uploads\/2025\/11\/Cabinet-agree-1024x1014.webp\" alt=\"\" class=\"wp-image-135\" style=\"width:353px;height:auto\" srcset=\"https:\/\/northmandie-audits.com\/wp-content\/uploads\/2025\/11\/Cabinet-agree-1024x1014.webp 1024w, https:\/\/northmandie-audits.com\/wp-content\/uploads\/2025\/11\/Cabinet-agree-300x297.webp 300w, https:\/\/northmandie-audits.com\/wp-content\/uploads\/2025\/11\/Cabinet-agree-150x150.webp 150w, https:\/\/northmandie-audits.com\/wp-content\/uploads\/2025\/11\/Cabinet-agree-768x761.webp 768w, https:\/\/northmandie-audits.com\/wp-content\/uploads\/2025\/11\/Cabinet-agree-1536x1522.webp 1536w, https:\/\/northmandie-audits.com\/wp-content\/uploads\/2025\/11\/Cabinet-agree.webp 1920w\" sizes=\"auto, (max-width: 1024px) 100vw, 1024px\" \/><\/figure>\n<\/div>\n<\/div>\n\n\n\n<p class=\"has-contrast-dark-color has-text-color has-link-color wp-elements-8b50ad521c830e3e339853385ec13048\">Chez Northmandie nous pouvons r\u00e9aliser vos audits de certifications ISO (9001, 14001, 45001) en partant de l\u2019audit initial jusqu\u2019au renouvellement en passant par les audits de surveillance annuels.<\/p>\n\n\n\n<div style=\"height:17px\" aria-hidden=\"true\" class=\"wp-block-spacer\"><\/div>\n\n\n\n<p class=\"has-contrast-dark-color has-text-color has-link-color wp-elements-6d49782005f89ff986d3bb449442c070\"><strong>Notre approche&nbsp;:<\/strong> Faire des audits pragmatiques avec des auditeurs qualifi\u00e9s dans le but de d\u00e9velopper votre performance globale .<\/p>\n\n\n\n<p class=\"has-base-color has-text-color has-link-color wp-elements-3ec294c595de3bbfef89e311d611a52c\">$<\/p>\n\n\n\n<hr class=\"wp-block-separator has-alpha-channel-opacity is-style-dots\"\/>\n\n\n\n<div style=\"height:21px\" aria-hidden=\"true\" class=\"wp-block-spacer\"><\/div>\n\n\n\n<p><strong>Nous sommes \u00e9galement en mesure de dispenser les formations suivantes :<\/strong><\/p>\n\n\n\n<div style=\"height:15px\" aria-hidden=\"true\" class=\"wp-block-spacer\"><\/div>\n\n\n\n<p class=\"has-contrast-dark-color has-text-color has-link-color wp-elements-404db2c56f8229eef33ef5940922dc35\" style=\"line-height:1.6\">Formation&nbsp;CSE,<br>Formation&nbsp;ISO 9001\/ 45001\/14001 &amp; MASE,<br>Formation&nbsp;d\u2019auditeur&nbsp;interne&nbsp;pour le compte d\u2019organisme de formation.<br>Formation&nbsp;travaux en hauteur, risques Biologiques,&nbsp;pour Scholarfab et d\u2019organismes de formation.<br>Formation&nbsp;animateur QSE, Master I et Master II&nbsp;pour le CESI de St Etienne du Rouvray (Rouen), Formation&nbsp;passeport gaz,&nbsp;leadership s\u00e9curit\u00e9&nbsp;niveau 1 et Niveau 2, formation CSE pour le compte&nbsp;l\u2019OPPBTP.<\/p>\n\n\n\n<p><\/p>\n<\/div>\n<\/div>\n\n\n\n<p><\/p>\n","protected":false},"excerpt":{"rendered":"<p>Apr\u00e8s plusieurs ann\u00e9es de services pour divers cabinets d\u2019audit, Damien, Olivier et Arnaud \u2013 sp\u00e9cialis\u00e9s dans l\u2019audit de certification MASE \u2013 ont imagin\u00e9s leur propre cabinet d\u2019audit, fruit de leur collaboration. Bienvenue en Northmandie N\u00e9 dans le nord et venu en Normandie (ou l\u2019inverse), \u00ab\u00a0Northmandie\u00a0\u00bb est un clin d\u2019oeil de nos origines respectives. Le cabinet [&hellip;]<\/p>\n","protected":false},"author":1,"featured_media":0,"parent":0,"menu_order":0,"comment_status":"closed","ping_status":"closed","template":"","meta":{"footnotes":""},"class_list":["post-46","page","type-page","status-publish","hentry"],"_links":{"self":[{"href":"https:\/\/northmandie-audits.com\/index.php\/wp-json\/wp\/v2\/pages\/46","targetHints":{"allow":["GET"]}}],"collection":[{"href":"https:\/\/northmandie-audits.com\/index.php\/wp-json\/wp\/v2\/pages"}],"about":[{"href":"https:\/\/northmandie-audits.com\/index.php\/wp-json\/wp\/v2\/types\/page"}],"author":[{"embeddable":true,"href":"https:\/\/northmandie-audits.com\/index.php\/wp-json\/wp\/v2\/users\/1"}],"replies":[{"embeddable":true,"href":"https:\/\/northmandie-audits.com\/index.php\/wp-json\/wp\/v2\/comments?post=46"}],"version-history":[{"count":35,"href":"https:\/\/northmandie-audits.com\/index.php\/wp-json\/wp\/v2\/pages\/46\/revisions"}],"predecessor-version":[{"id":143,"href":"https:\/\/northmandie-audits.com\/index.php\/wp-json\/wp\/v2\/pages\/46\/revisions\/143"}],"wp:attachment":[{"href":"https:\/\/northmandie-audits.com\/index.php\/wp-json\/wp\/v2\/media?parent=46"}],"curies":[{"name":"wp","href":"https:\/\/api.w.org\/{rel}","templated":true}]}}