{"id":64,"date":"2025-10-02T17:22:30","date_gmt":"2025-10-02T15:22:30","guid":{"rendered":"https:\/\/northmandie-audits.com\/?page_id=64"},"modified":"2025-10-03T10:02:46","modified_gmt":"2025-10-03T08:02:46","slug":"certification","status":"publish","type":"page","link":"https:\/\/northmandie-audits.com\/index.php\/certification\/","title":{"rendered":"CERTIFICATION"},"content":{"rendered":"\n<p><\/p>\n\n\n\n<div class=\"wp-block-group alignfull is-layout-flow wp-block-group-is-layout-flow\">\n<div class=\"wp-block-group alignfull has-global-padding is-layout-constrained wp-container-core-group-is-layout-40b5fae2 wp-block-group-is-layout-constrained\" style=\"padding-top:var(--wp--preset--spacing--superbspacing-xxlarge);padding-right:var(--wp--preset--spacing--superbspacing-small);padding-bottom:var(--wp--preset--spacing--superbspacing-xxlarge);padding-left:var(--wp--preset--spacing--superbspacing-small)\">\n<h4 class=\"wp-block-heading has-text-align-left has-primary-color has-text-color has-superbfont-xxsmall-font-size\" style=\"font-style:normal;font-weight:700;letter-spacing:5px;text-transform:uppercase\">Nous auditons pour la certification MASE. Cette d\u00e9marche est un outil puissant pour les entreprises souhaitant renforcer leur culture SSE, am\u00e9liorer leurs processus et garantir un environnement de travail sain et s\u00fbr.&nbsp;<\/h4>\n\n\n\n<h2 class=\"wp-block-heading has-text-align-left has-contrast-color has-text-color has-superbfont-large-font-size\">Pourquoi le MASE ?<\/h2>\n\n\n\n<div class=\"wp-block-group is-layout-flow wp-container-core-group-is-layout-3fbca637 wp-block-group-is-layout-flow\">\n<p class=\"has-contrast-dark-color has-text-color has-link-color has-superbfont-small-font-size wp-elements-f30c0b06b1337a01a911fc7cb1b5adb0\" style=\"line-height:1.6\">La d\u00e9marche MASE constitue un syst\u00e8me de management SSE (sant\u00e9 s\u00e9curit\u00e9 environnement) fond\u00e9e sur l\u2019am\u00e9lioration continue. Son objectif est d\u2019assister les entreprises dans l\u2019\u00e9tablissement d\u2019une v\u00e9ritable politique de pr\u00e9vention, ainsi que dans l\u2019organisation de leur structure autour du d\u00e9veloppement d\u2019une culture en mati\u00e8re de sant\u00e9, s\u00e9curit\u00e9 et environnement (SSE). Sa mise en \u0153uvre est structurante et pragmatique.<\/p>\n\n\n\n<p class=\"has-featured-color has-text-color has-link-color wp-elements-66c1274a696675b30db1f71ada4c535a\">Les valeurs cl\u00e9s sont :<\/p>\n\n\n\n<ul class=\"wp-block-list\">\n<li class=\"has-featured-color has-text-color has-link-color wp-elements-5de7ddbe391ca72601ec618490f54355\"><strong>Le partage d\u2019exp\u00e9rience<\/strong>&nbsp;\u00e0 travers les rendez-vous du MASE et la force de l\u2019association, notamment des relais dans les diff\u00e9rentes r\u00e9gions.<\/li>\n\n\n\n<li class=\"has-featured-color has-text-color has-link-color wp-elements-90d9a32d6ac3d964849e2412116d0e55\"><strong>La formation et la sensibilisation en continue<\/strong>&nbsp;des salari\u00e9s tout au long du cursus professionnel et par le tutorat.<\/li>\n\n\n\n<li class=\"has-featured-color has-text-color has-link-color wp-elements-84ba402b7bbf8f1385bf001110b6570c\"><strong>L\u2019adaptation du r\u00e9f\u00e9rentiel<\/strong>&nbsp;\u00e0 toutes tailles et activit\u00e9s d\u2019entreprises.<\/li>\n\n\n\n<li class=\"has-featured-color has-text-color has-link-color wp-elements-aedecdcbe8f88b4312f192fb1b93f191\"><strong>Le partage de bonnes pratiques<\/strong>&nbsp;et d\u2019outils au travers de MASECOTTE et MASE Acad\u00e9mie<\/li>\n<\/ul>\n\n\n\n<p class=\"has-primary-color has-text-color has-link-color has-superbfont-small-font-size wp-elements-c78642c3d5fc8ccbf63f61e7282202f0\">De plus, de par les MASE AWARDS les entreprises innovantes sont mises en valeurs et permettent un partage et une capitalisation des savoirs faire et des bonnes pratiques ce qui continuent au d\u00e9veloppement de la culture s\u00e9curit\u00e9 et de la pr\u00e9vention des risques.<\/p>\n<\/div>\n\n\n\n<h2 class=\"wp-block-heading\">Comment fonctionne ce syst\u00e8me de certification ?<\/h2>\n\n\n\n<p class=\"has-contrast-dark-color has-text-color has-link-color wp-elements-7d038970b09651d7a7ed06d0c0e63b68\" style=\"line-height:1.6\">La d\u00e9marche MASE peut \u00eatre volontaire de l\u2019entreprise ou \u00eatre issue d\u2019une demande sp\u00e9cifique, l\u2019entreprise demande au niveau de son association locale \u00e0 adh\u00e9rer au MASE et ainsi s\u2019engager \u00e0 mettre en \u0153uvre son syst\u00e8me de management et les actions de pr\u00e9vention li\u00e9es pour se pr\u00e9senter \u00e0 un audit de certification. L\u2019entreprise se doit d\u2019adh\u00e9rer \u00e0 minima 6 mois, et d\u00e9montrer \u00e0 minima un v\u00e9cu de 9 mois du syst\u00e8me, avec une \u00e9ch\u00e9ance de maximum 18 mois pour passer l\u2019audit. La sp\u00e9cificit\u00e9 contrairement \u00e0 d\u2019autres r\u00e9f\u00e9rentiels se fait notamment aussi au travers du processus de certification, o\u00f9 l\u2019auditeur pr\u00e9sente \u00e0 un comit\u00e9 MASE (de la r\u00e9gion o\u00f9 l\u2019entreprise est adh\u00e9rente) le dossier de l\u2019entreprise audit\u00e9e, le comit\u00e9 compos\u00e9 aussi bien d\u2019Entreprises Utilisatrices (EU) que d\u2019Entreprises Intervenantes (EI), repr\u00e9sentant des diff\u00e9rentes cat\u00e9gories de m\u00e9tiers) reste d\u00e9cisionnaire de l\u2019attribution d\u2019u ne certification pour 1 ou 3 ans, ou de la non-certification suite \u00e0 une pr\u00e9conisation de l\u2019auditeur et \u00e9changes sur le dossier pr\u00e9sent\u00e9.<\/p>\n\n\n\n<p class=\"has-primary-color has-text-color has-link-color wp-elements-cef0155ac4ec24109c01d043479bce2b\">Pour tout savoir (ou presque) du processus de certification MASE, nous vous partageons la vid\u00e9o \u2013 du MASE Ile-de-France Normandie Centre \u2013 expliquant leur fonctionnement en d\u00e9tail.<\/p>\n\n\n\n<figure class=\"wp-block-embed is-type-video is-provider-youtube wp-block-embed-youtube wp-embed-aspect-16-9 wp-has-aspect-ratio\"><div class=\"wp-block-embed__wrapper\">\n<iframe loading=\"lazy\" title=\"Comprendre le processus de certification du MASE IdFNC\" width=\"500\" height=\"281\" src=\"https:\/\/www.youtube.com\/embed\/2L_OtDQMAzk?feature=oembed\" frameborder=\"0\" allow=\"accelerometer; autoplay; clipboard-write; encrypted-media; gyroscope; picture-in-picture; web-share\" referrerpolicy=\"strict-origin-when-cross-origin\" allowfullscreen><\/iframe>\n<\/div><\/figure>\n<\/div>\n<\/div>\n\n\n\n<p><\/p>\n","protected":false},"excerpt":{"rendered":"<p>Nous auditons pour la certification MASE. Cette d\u00e9marche est un outil puissant pour les entreprises souhaitant renforcer leur culture SSE, am\u00e9liorer leurs processus et garantir un environnement de travail sain et s\u00fbr.&nbsp; Pourquoi le MASE ? La d\u00e9marche MASE constitue un syst\u00e8me de management SSE (sant\u00e9 s\u00e9curit\u00e9 environnement) fond\u00e9e sur l\u2019am\u00e9lioration continue. Son objectif est [&hellip;]<\/p>\n","protected":false},"author":1,"featured_media":0,"parent":0,"menu_order":0,"comment_status":"closed","ping_status":"closed","template":"","meta":{"footnotes":""},"class_list":["post-64","page","type-page","status-publish","hentry"],"_links":{"self":[{"href":"https:\/\/northmandie-audits.com\/index.php\/wp-json\/wp\/v2\/pages\/64","targetHints":{"allow":["GET"]}}],"collection":[{"href":"https:\/\/northmandie-audits.com\/index.php\/wp-json\/wp\/v2\/pages"}],"about":[{"href":"https:\/\/northmandie-audits.com\/index.php\/wp-json\/wp\/v2\/types\/page"}],"author":[{"embeddable":true,"href":"https:\/\/northmandie-audits.com\/index.php\/wp-json\/wp\/v2\/users\/1"}],"replies":[{"embeddable":true,"href":"https:\/\/northmandie-audits.com\/index.php\/wp-json\/wp\/v2\/comments?post=64"}],"version-history":[{"count":3,"href":"https:\/\/northmandie-audits.com\/index.php\/wp-json\/wp\/v2\/pages\/64\/revisions"}],"predecessor-version":[{"id":102,"href":"https:\/\/northmandie-audits.com\/index.php\/wp-json\/wp\/v2\/pages\/64\/revisions\/102"}],"wp:attachment":[{"href":"https:\/\/northmandie-audits.com\/index.php\/wp-json\/wp\/v2\/media?parent=64"}],"curies":[{"name":"wp","href":"https:\/\/api.w.org\/{rel}","templated":true}]}}